{"id":4803,"date":"2023-10-09T13:18:23","date_gmt":"2023-10-09T11:18:23","guid":{"rendered":"https:\/\/mediaparl.ch\/demo\/"},"modified":"2026-04-23T16:57:14","modified_gmt":"2026-04-23T14:57:14","slug":"demo","status":"publish","type":"page","link":"https:\/\/mediaparl.ch\/fr\/demo\/","title":{"rendered":"D\u00e9mo"},"content":{"rendered":"\t\t<div data-elementor-type=\"wp-page\" data-elementor-id=\"4803\" class=\"elementor elementor-4803 elementor-1512\" data-elementor-post-type=\"page\">\n\t\t\t\t\t\t<section class=\"elementor-section elementor-top-section elementor-element elementor-element-ec47243 elementor-section-boxed elementor-section-height-default elementor-section-height-default\" data-id=\"ec47243\" data-element_type=\"section\" data-e-type=\"section\">\n\t\t\t\t\t\t<div class=\"elementor-container elementor-column-gap-default\">\n\t\t\t\t\t<div class=\"elementor-column elementor-col-100 elementor-top-column elementor-element elementor-element-34814ca\" data-id=\"34814ca\" data-element_type=\"column\" data-e-type=\"column\">\n\t\t\t<div class=\"elementor-widget-wrap elementor-element-populated\">\n\t\t\t\t\t\t<div class=\"elementor-element elementor-element-fd67387 elementor-widget elementor-widget-heading\" data-id=\"fd67387\" data-element_type=\"widget\" data-e-type=\"widget\" data-widget_type=\"heading.default\">\n\t\t\t\t<div class=\"elementor-widget-container\">\n\t\t\t\t\t<h3 class=\"elementor-heading-title elementor-size-default\">Vous souhaitez demander un test gratuit ? Contactez-nous ici :<\/h3>\t\t\t\t<\/div>\n\t\t\t\t<\/div>\n\t\t\t\t\t<\/div>\n\t\t<\/div>\n\t\t\t\t\t<\/div>\n\t\t<\/section>\n\t\t\t\t<section class=\"elementor-section elementor-top-section elementor-element elementor-element-e5ba516 elementor-section-boxed elementor-section-height-default elementor-section-height-default\" data-id=\"e5ba516\" data-element_type=\"section\" data-e-type=\"section\">\n\t\t\t\t\t\t<div class=\"elementor-container elementor-column-gap-default\">\n\t\t\t\t\t<div class=\"elementor-column elementor-col-100 elementor-top-column elementor-element elementor-element-327d0f1\" data-id=\"327d0f1\" data-element_type=\"column\" data-e-type=\"column\">\n\t\t\t<div class=\"elementor-widget-wrap elementor-element-populated\">\n\t\t\t\t\t\t<div class=\"elementor-element elementor-element-9b7a7fb elementor-widget elementor-widget-text-editor\" data-id=\"9b7a7fb\" data-element_type=\"widget\" data-e-type=\"widget\" data-widget_type=\"text-editor.default\">\n\t\t\t\t<div class=\"elementor-widget-container\">\n\t\t\t\t\t\t\t\t\t\n\t\t\t\t\t\t<script>\n\t\t\t\t\t\t\twindow.hsFormsOnReady = window.hsFormsOnReady || [];\n\t\t\t\t\t\t\twindow.hsFormsOnReady.push(()=>{\n\t\t\t\t\t\t\t\thbspt.forms.create({\n\t\t\t\t\t\t\t\t\tportalId: 25431918,\n\t\t\t\t\t\t\t\t\tformId: \"436ccbd5-a69f-4d98-9783-f3144f8a719c\",\n\t\t\t\t\t\t\t\t\ttarget: \"#hbspt-form-1778247303000-3664127215\",\n\t\t\t\t\t\t\t\t\tregion: \"eu1\",\n\t\t\t\t\t\t\t\t\t\n\t\t\t\t\t\t\t})});\n\t\t\t\t\t\t<\/script>\n\t\t\t\t\t\t<div class=\"hbspt-form\" id=\"hbspt-form-1778247303000-3664127215\"><\/div>\t\t\t\t\t\t\t\t<\/div>\n\t\t\t\t<\/div>\n\t\t\t\t\t<\/div>\n\t\t<\/div>\n\t\t\t\t\t<\/div>\n\t\t<\/section>\n\t\t\t\t<section class=\"elementor-section elementor-top-section elementor-element elementor-element-6e3130d elementor-hidden-desktop elementor-hidden-tablet elementor-hidden-mobile elementor-section-boxed elementor-section-height-default elementor-section-height-default\" data-id=\"6e3130d\" data-element_type=\"section\" data-e-type=\"section\">\n\t\t\t\t\t\t<div class=\"elementor-container elementor-column-gap-default\">\n\t\t\t\t\t<div class=\"elementor-column elementor-col-100 elementor-top-column elementor-element elementor-element-9ce4764\" data-id=\"9ce4764\" data-element_type=\"column\" data-e-type=\"column\">\n\t\t\t<div class=\"elementor-widget-wrap elementor-element-populated\">\n\t\t\t\t\t\t<div class=\"elementor-element elementor-element-a1d54ac elementor-widget elementor-widget-heading\" data-id=\"a1d54ac\" data-element_type=\"widget\" data-e-type=\"widget\" data-widget_type=\"heading.default\">\n\t\t\t\t<div class=\"elementor-widget-container\">\n\t\t\t\t\t<h3 class=\"elementor-heading-title elementor-size-default\">Inscrivez-vous ici \u00e0 un webinaire de d\u00e9monstration gratuit :<\/h3>\t\t\t\t<\/div>\n\t\t\t\t<\/div>\n\t\t\t\t\t<\/div>\n\t\t<\/div>\n\t\t\t\t\t<\/div>\n\t\t<\/section>\n\t\t\t\t<section class=\"elementor-section elementor-top-section elementor-element elementor-element-aa93cf4 elementor-hidden-desktop elementor-hidden-tablet elementor-hidden-mobile elementor-section-boxed elementor-section-height-default elementor-section-height-default\" data-id=\"aa93cf4\" data-element_type=\"section\" data-e-type=\"section\">\n\t\t\t\t\t\t<div class=\"elementor-container elementor-column-gap-default\">\n\t\t\t\t\t<div class=\"elementor-column elementor-col-25 elementor-top-column elementor-element elementor-element-082e84f elementor-hidden-desktop\" data-id=\"082e84f\" data-element_type=\"column\" data-e-type=\"column\">\n\t\t\t<div class=\"elementor-widget-wrap\">\n\t\t\t\t\t\t\t<\/div>\n\t\t<\/div>\n\t\t\t\t<div class=\"elementor-column elementor-col-50 elementor-top-column elementor-element elementor-element-383a778\" data-id=\"383a778\" data-element_type=\"column\" data-e-type=\"column\">\n\t\t\t<div class=\"elementor-widget-wrap elementor-element-populated\">\n\t\t\t\t\t\t<div class=\"elementor-element elementor-element-bac427b elementor-widget elementor-widget-text-editor\" data-id=\"bac427b\" data-element_type=\"widget\" data-e-type=\"widget\" data-widget_type=\"text-editor.default\">\n\t\t\t\t<div class=\"elementor-widget-container\">\n\t\t\t\t\t\t\t\t\t\n\t\t\t\t\t\t<script>\n\t\t\t\t\t\t\twindow.hsFormsOnReady = window.hsFormsOnReady || [];\n\t\t\t\t\t\t\twindow.hsFormsOnReady.push(()=>{\n\t\t\t\t\t\t\t\thbspt.forms.create({\n\t\t\t\t\t\t\t\t\tportalId: 25431918,\n\t\t\t\t\t\t\t\t\tformId: \"03773d41-a160-4497-8111-7317b330ee3a\",\n\t\t\t\t\t\t\t\t\ttarget: \"#hbspt-form-1778247303000-8015892316\",\n\t\t\t\t\t\t\t\t\tregion: \"eu1\",\n\t\t\t\t\t\t\t\t\t\n\t\t\t\t\t\t\t})});\n\t\t\t\t\t\t<\/script>\n\t\t\t\t\t\t<div class=\"hbspt-form\" id=\"hbspt-form-1778247303000-8015892316\"><\/div>\t\t\t\t\t\t\t\t<\/div>\n\t\t\t\t<\/div>\n\t\t\t\t\t<\/div>\n\t\t<\/div>\n\t\t\t\t<div class=\"elementor-column elementor-col-25 elementor-top-column elementor-element elementor-element-c994fbb\" data-id=\"c994fbb\" data-element_type=\"column\" data-e-type=\"column\">\n\t\t\t<div class=\"elementor-widget-wrap\">\n\t\t\t\t\t\t\t<\/div>\n\t\t<\/div>\n\t\t\t\t\t<\/div>\n\t\t<\/section>\n\t\t\t\t<section class=\"elementor-section elementor-top-section elementor-element elementor-element-db2697b elementor-section-boxed elementor-section-height-default elementor-section-height-default\" data-id=\"db2697b\" data-element_type=\"section\" data-e-type=\"section\">\n\t\t\t\t\t\t<div class=\"elementor-container elementor-column-gap-default\">\n\t\t\t\t\t<div class=\"elementor-column elementor-col-50 elementor-top-column elementor-element elementor-element-c9f2220\" data-id=\"c9f2220\" data-element_type=\"column\" data-e-type=\"column\">\n\t\t\t<div class=\"elementor-widget-wrap elementor-element-populated\">\n\t\t\t\t\t\t<div class=\"elementor-element elementor-element-07b2604 elementor-widget elementor-widget-text-editor\" data-id=\"07b2604\" data-element_type=\"widget\" data-e-type=\"widget\" data-widget_type=\"text-editor.default\">\n\t\t\t\t<div class=\"elementor-widget-container\">\n\t\t\t\t\t\t\t\t\t<p>Vous pr\u00e9f\u00e9rez un entretien personnel ou discuter directement d\u2019une offre ?<\/p><p>Alors r\u00e9servez un rendez-vous personnel en ligne avec le Dr. David Imseng, directeur et cofondateur de recapp IT SA. <\/p>\t\t\t\t\t\t\t\t<\/div>\n\t\t\t\t<\/div>\n\t\t\t\t\t<\/div>\n\t\t<\/div>\n\t\t\t\t<div class=\"elementor-column elementor-col-50 elementor-top-column elementor-element elementor-element-ddc15bf\" data-id=\"ddc15bf\" data-element_type=\"column\" data-e-type=\"column\">\n\t\t\t<div class=\"elementor-widget-wrap elementor-element-populated\">\n\t\t\t\t\t\t<div class=\"elementor-element elementor-element-0928077 elementor-widget elementor-widget-hubspot-meeting\" data-id=\"0928077\" data-element_type=\"widget\" data-e-type=\"widget\" data-widget_type=\"hubspot-meeting.default\">\n\t\t\t\t<div class=\"elementor-widget-container\">\n\t\t\t\t\t\n\t\t<div class=\"meetings-iframe-container\" data-src=\"https:\/\/meetings-eu1.hubspot.com\/david-imseng?embed=true\"><\/div>\n\t\t<script>\n\t\t\tif(window.hbspt && window.hbspt.meetings){\n\t\t\t\twindow.hbspt.meetings.create(\".meetings-iframe-container\");\n\t\t\t}\n\t\t\t<\/script>\n\t\t\t\t\t\t<\/div>\n\t\t\t\t<\/div>\n\t\t\t\t\t<\/div>\n\t\t<\/div>\n\t\t\t\t\t<\/div>\n\t\t<\/section>\n\t\t\t\t<\/div>\n\t\t","protected":false},"excerpt":{"rendered":"<p>Vous souhaitez demander un test gratuit ? Contactez-nous ici : Inscrivez-vous ici \u00e0 un webinaire de d\u00e9monstration gratuit : Vous pr\u00e9f\u00e9rez un entretien personnel ou discuter directement d\u2019une offre ? Alors r\u00e9servez un rendez-vous personnel en ligne avec le Dr. David Imseng, directeur et cofondateur de recapp IT SA.<\/p>\n","protected":false},"author":3,"featured_media":0,"parent":0,"menu_order":0,"comment_status":"closed","ping_status":"closed","template":"","meta":{"content-type":"","footnotes":""},"class_list":["post-4803","page","type-page","status-publish"],"yoast_head":"<!-- This site is optimized with the Yoast SEO plugin v27.5 - https:\/\/yoast.com\/product\/yoast-seo-wordpress\/ -->\n<title>D\u00e9mo - mediaparl.ch<\/title>\n<meta name=\"robots\" content=\"index, follow, max-snippet:-1, max-image-preview:large, max-video-preview:-1\" \/>\n<link rel=\"canonical\" href=\"https:\/\/mediaparl.ch\/fr\/demo\/\" \/>\n<meta property=\"og:locale\" content=\"fr_FR\" \/>\n<meta property=\"og:type\" content=\"article\" \/>\n<meta property=\"og:title\" content=\"D\u00e9mo - mediaparl.ch\" \/>\n<meta property=\"og:description\" content=\"Vous souhaitez demander un test gratuit ? Contactez-nous ici : Inscrivez-vous ici \u00e0 un webinaire de d\u00e9monstration gratuit : Vous pr\u00e9f\u00e9rez un entretien personnel ou discuter directement d\u2019une offre ? Alors r\u00e9servez un rendez-vous personnel en ligne avec le Dr. David Imseng, directeur et cofondateur de recapp IT SA.\" \/>\n<meta property=\"og:url\" content=\"https:\/\/mediaparl.ch\/fr\/demo\/\" \/>\n<meta property=\"og:site_name\" content=\"mediaparl.ch\" \/>\n<meta property=\"article:publisher\" content=\"https:\/\/www.facebook.com\/recappit\" \/>\n<meta property=\"article:modified_time\" content=\"2026-04-23T14:57:14+00:00\" \/>\n<meta name=\"twitter:card\" content=\"summary_large_image\" \/>\n<meta name=\"twitter:site\" content=\"@recappit\" \/>\n<meta name=\"twitter:label1\" content=\"Dur\u00e9e de lecture estim\u00e9e\" \/>\n\t<meta name=\"twitter:data1\" content=\"1 minute\" \/>\n<script type=\"application\/ld+json\" class=\"yoast-schema-graph\">{\"@context\":\"https:\\\/\\\/schema.org\",\"@graph\":[{\"@type\":\"WebPage\",\"@id\":\"https:\\\/\\\/mediaparl.ch\\\/fr\\\/demo\\\/\",\"url\":\"https:\\\/\\\/mediaparl.ch\\\/fr\\\/demo\\\/\",\"name\":\"D\u00e9mo - mediaparl.ch\",\"isPartOf\":{\"@id\":\"https:\\\/\\\/mediaparl.ch\\\/fr\\\/#website\"},\"datePublished\":\"2023-10-09T11:18:23+00:00\",\"dateModified\":\"2026-04-23T14:57:14+00:00\",\"breadcrumb\":{\"@id\":\"https:\\\/\\\/mediaparl.ch\\\/fr\\\/demo\\\/#breadcrumb\"},\"inLanguage\":\"fr-FR\",\"potentialAction\":[{\"@type\":\"ReadAction\",\"target\":[\"https:\\\/\\\/mediaparl.ch\\\/fr\\\/demo\\\/\"]}]},{\"@type\":\"BreadcrumbList\",\"@id\":\"https:\\\/\\\/mediaparl.ch\\\/fr\\\/demo\\\/#breadcrumb\",\"itemListElement\":[{\"@type\":\"ListItem\",\"position\":1,\"name\":\"Home\",\"item\":\"https:\\\/\\\/mediaparl.ch\\\/fr\\\/\"},{\"@type\":\"ListItem\",\"position\":2,\"name\":\"D\u00e9mo\"}]},{\"@type\":\"WebSite\",\"@id\":\"https:\\\/\\\/mediaparl.ch\\\/fr\\\/#website\",\"url\":\"https:\\\/\\\/mediaparl.ch\\\/fr\\\/\",\"name\":\"mediaparl.ch\",\"description\":\"\",\"publisher\":{\"@id\":\"https:\\\/\\\/mediaparl.ch\\\/fr\\\/#organization\"},\"potentialAction\":[{\"@type\":\"SearchAction\",\"target\":{\"@type\":\"EntryPoint\",\"urlTemplate\":\"https:\\\/\\\/mediaparl.ch\\\/fr\\\/?s={search_term_string}\"},\"query-input\":{\"@type\":\"PropertyValueSpecification\",\"valueRequired\":true,\"valueName\":\"search_term_string\"}}],\"inLanguage\":\"fr-FR\"},{\"@type\":\"Organization\",\"@id\":\"https:\\\/\\\/mediaparl.ch\\\/fr\\\/#organization\",\"name\":\"mediaparl\",\"url\":\"https:\\\/\\\/mediaparl.ch\\\/fr\\\/\",\"logo\":{\"@type\":\"ImageObject\",\"inLanguage\":\"fr-FR\",\"@id\":\"https:\\\/\\\/mediaparl.ch\\\/fr\\\/#\\\/schema\\\/logo\\\/image\\\/\",\"url\":\"http:\\\/\\\/mediaparl.ch\\\/wp-content\\\/uploads\\\/2020\\\/12\\\/cropped-recapp_bildmarke_positiv_weiss.png\",\"contentUrl\":\"http:\\\/\\\/mediaparl.ch\\\/wp-content\\\/uploads\\\/2020\\\/12\\\/cropped-recapp_bildmarke_positiv_weiss.png\",\"width\":512,\"height\":512,\"caption\":\"mediaparl\"},\"image\":{\"@id\":\"https:\\\/\\\/mediaparl.ch\\\/fr\\\/#\\\/schema\\\/logo\\\/image\\\/\"},\"sameAs\":[\"https:\\\/\\\/www.facebook.com\\\/recappit\",\"https:\\\/\\\/x.com\\\/recappit\",\"https:\\\/\\\/www.linkedin.com\\\/company\\\/recappit\",\"https:\\\/\\\/www.youtube.com\\\/channel\\\/UCb8Pe1sEYWghe6fMBtwzjRA\"]}]}<\/script>\n<!-- \/ Yoast SEO plugin. -->","yoast_head_json":{"title":"D\u00e9mo - mediaparl.ch","robots":{"index":"index","follow":"follow","max-snippet":"max-snippet:-1","max-image-preview":"max-image-preview:large","max-video-preview":"max-video-preview:-1"},"canonical":"https:\/\/mediaparl.ch\/fr\/demo\/","og_locale":"fr_FR","og_type":"article","og_title":"D\u00e9mo - mediaparl.ch","og_description":"Vous souhaitez demander un test gratuit ? Contactez-nous ici : Inscrivez-vous ici \u00e0 un webinaire de d\u00e9monstration gratuit : Vous pr\u00e9f\u00e9rez un entretien personnel ou discuter directement d\u2019une offre ? Alors r\u00e9servez un rendez-vous personnel en ligne avec le Dr. David Imseng, directeur et cofondateur de recapp IT SA.","og_url":"https:\/\/mediaparl.ch\/fr\/demo\/","og_site_name":"mediaparl.ch","article_publisher":"https:\/\/www.facebook.com\/recappit","article_modified_time":"2026-04-23T14:57:14+00:00","twitter_card":"summary_large_image","twitter_site":"@recappit","twitter_misc":{"Dur\u00e9e de lecture estim\u00e9e":"1 minute"},"schema":{"@context":"https:\/\/schema.org","@graph":[{"@type":"WebPage","@id":"https:\/\/mediaparl.ch\/fr\/demo\/","url":"https:\/\/mediaparl.ch\/fr\/demo\/","name":"D\u00e9mo - mediaparl.ch","isPartOf":{"@id":"https:\/\/mediaparl.ch\/fr\/#website"},"datePublished":"2023-10-09T11:18:23+00:00","dateModified":"2026-04-23T14:57:14+00:00","breadcrumb":{"@id":"https:\/\/mediaparl.ch\/fr\/demo\/#breadcrumb"},"inLanguage":"fr-FR","potentialAction":[{"@type":"ReadAction","target":["https:\/\/mediaparl.ch\/fr\/demo\/"]}]},{"@type":"BreadcrumbList","@id":"https:\/\/mediaparl.ch\/fr\/demo\/#breadcrumb","itemListElement":[{"@type":"ListItem","position":1,"name":"Home","item":"https:\/\/mediaparl.ch\/fr\/"},{"@type":"ListItem","position":2,"name":"D\u00e9mo"}]},{"@type":"WebSite","@id":"https:\/\/mediaparl.ch\/fr\/#website","url":"https:\/\/mediaparl.ch\/fr\/","name":"mediaparl.ch","description":"","publisher":{"@id":"https:\/\/mediaparl.ch\/fr\/#organization"},"potentialAction":[{"@type":"SearchAction","target":{"@type":"EntryPoint","urlTemplate":"https:\/\/mediaparl.ch\/fr\/?s={search_term_string}"},"query-input":{"@type":"PropertyValueSpecification","valueRequired":true,"valueName":"search_term_string"}}],"inLanguage":"fr-FR"},{"@type":"Organization","@id":"https:\/\/mediaparl.ch\/fr\/#organization","name":"mediaparl","url":"https:\/\/mediaparl.ch\/fr\/","logo":{"@type":"ImageObject","inLanguage":"fr-FR","@id":"https:\/\/mediaparl.ch\/fr\/#\/schema\/logo\/image\/","url":"http:\/\/mediaparl.ch\/wp-content\/uploads\/2020\/12\/cropped-recapp_bildmarke_positiv_weiss.png","contentUrl":"http:\/\/mediaparl.ch\/wp-content\/uploads\/2020\/12\/cropped-recapp_bildmarke_positiv_weiss.png","width":512,"height":512,"caption":"mediaparl"},"image":{"@id":"https:\/\/mediaparl.ch\/fr\/#\/schema\/logo\/image\/"},"sameAs":["https:\/\/www.facebook.com\/recappit","https:\/\/x.com\/recappit","https:\/\/www.linkedin.com\/company\/recappit","https:\/\/www.youtube.com\/channel\/UCb8Pe1sEYWghe6fMBtwzjRA"]}]}},"_links":{"self":[{"href":"https:\/\/mediaparl.ch\/fr\/wp-json\/wp\/v2\/pages\/4803","targetHints":{"allow":["GET"]}}],"collection":[{"href":"https:\/\/mediaparl.ch\/fr\/wp-json\/wp\/v2\/pages"}],"about":[{"href":"https:\/\/mediaparl.ch\/fr\/wp-json\/wp\/v2\/types\/page"}],"author":[{"embeddable":true,"href":"https:\/\/mediaparl.ch\/fr\/wp-json\/wp\/v2\/users\/3"}],"replies":[{"embeddable":true,"href":"https:\/\/mediaparl.ch\/fr\/wp-json\/wp\/v2\/comments?post=4803"}],"version-history":[{"count":26,"href":"https:\/\/mediaparl.ch\/fr\/wp-json\/wp\/v2\/pages\/4803\/revisions"}],"predecessor-version":[{"id":6319,"href":"https:\/\/mediaparl.ch\/fr\/wp-json\/wp\/v2\/pages\/4803\/revisions\/6319"}],"wp:attachment":[{"href":"https:\/\/mediaparl.ch\/fr\/wp-json\/wp\/v2\/media?parent=4803"}],"curies":[{"name":"wp","href":"https:\/\/api.w.org\/{rel}","templated":true}]}}